{"id":18,"date":"2021-02-15T18:14:26","date_gmt":"2021-02-15T18:14:26","guid":{"rendered":"https:\/\/nosololuz.com\/?page_id=18"},"modified":"2021-05-03T08:11:10","modified_gmt":"2021-05-03T08:11:10","slug":"historia","status":"publish","type":"page","link":"https:\/\/nosololuz.com\/index.php\/historia\/","title":{"rendered":"Historia"},"content":{"rendered":"<p>[et_pb_section fb_built=\u00bb1&#8243; fullwidth=\u00bbon\u00bb _builder_version=\u00bb4.9.0&#8243; _module_preset=\u00bbdefault\u00bb][et_pb_fullwidth_image src=\u00bbhttps:\/\/nosololuz.com\/wp-content\/uploads\/2021\/02\/cassina_maralunge_dreisitzer_006.jpg\u00bb alt=\u00bbcassina maralunge dreisitzer\u00bb title_text=\u00bbcassina maralunge dreisitzer\u00bb _builder_version=\u00bb4.9.0&#8243; _module_preset=\u00bbdefault\u00bb background_enable_image=\u00bboff\u00bb][\/et_pb_fullwidth_image][\/et_pb_section][et_pb_section fb_built=\u00bb1&#8243; admin_label=\u00bbOur Story Section\u00bb _builder_version=\u00bb3.22&#8243; custom_padding=\u00bb100px||100px|\u00bb][et_pb_row column_structure=\u00bb1_2,1_2&#8243; admin_label=\u00bbOur Story Area\u00bb _builder_version=\u00bb3.25&#8243;][et_pb_column type=\u00bb1_2&#8243; _builder_version=\u00bb3.25&#8243; custom_padding=\u00bb|||\u00bb custom_padding__hover=\u00bb|||\u00bb][et_pb_image src=\u00bbhttps:\/\/nosololuz.com\/wp-content\/uploads\/2021\/02\/imagen_historia.jpg\u00bb title_text=\u00bbimagen_historia\u00bb align_tablet=\u00bbcenter\u00bb align_phone=\u00bb\u00bb align_last_edited=\u00bbon|desktop\u00bb _builder_version=\u00bb4.9.0&#8243; animation_style=\u00bbslide\u00bb animation_direction=\u00bbleft\u00bb][\/et_pb_image][\/et_pb_column][et_pb_column type=\u00bb1_2&#8243; _builder_version=\u00bb3.25&#8243; custom_padding=\u00bb|||\u00bb custom_padding__hover=\u00bb|||\u00bb][et_pb_text _builder_version=\u00bb4.9.0&#8243; _module_preset=\u00bbdefault\u00bb header_2_font=\u00bbbankgothic-bold||||||||\u00bb header_2_font_size=\u00bb40px\u00bb animation_style=\u00bbslide\u00bb animation_direction=\u00bbtop\u00bb]<\/p>\n<h2>\u00a1DE CASTA LE VIENE AL GALGO!<\/h2>\n<p>[\/et_pb_text][et_pb_divider color=\u00bb#F2CA34&#8243; divider_weight=\u00bb3px\u00bb _builder_version=\u00bb4.9.0&#8243; _module_preset=\u00bbdefault\u00bb animation_style=\u00bbslide\u00bb animation_direction=\u00bbright\u00bb][\/et_pb_divider][et_pb_text _builder_version=\u00bb4.9.0&#8243; _module_preset=\u00bbdefault\u00bb animation_style=\u00bbslide\u00bb animation_direction=\u00bbbottom\u00bb]<\/p>\n<p>Efectivamente\u2026 all\u00e1 por el mes de Junio de 1945, hace mas de 70 a\u00f1os, el Sr. D. Miguel peral Segu\u00ed, t\u00edo-abuelo de Vicente Peral, abr\u00eda en Alicante Sajonia, un espacio comercial en la esquina de las calles Baz\u00e1n y San Idelfonso, donde se pod\u00eda adquirir l\u00e1mparas de diferentes estilos cl\u00e1sicos como \u201cMar\u00eda Teresas\u201d hechas con el mejor cristal tallado, holandesas de lat\u00f3n dorado, porcelanas y vajillas de alto nivel. La tienda se cerr\u00f3 a la muerte del propietario, despu\u00e9s de una singladura de m\u00e1s de 50 a\u00f1os. Vicente Peral recuerda la tienda a la que tantas veces entrara de ni\u00f1o, donde siempre descubr\u00eda y admiraba a trav\u00e9s de su t\u00edo abuelo y de su t\u00eda Sof\u00eda Peral, preciosas y exquisitas piezas de impecable manufactura.<\/p>\n<p>La familia Peral es una familia con una larga trayectoria en el comercio en la ciudad de Alicante, que se remonta a 1.898, a\u00f1o en que se abr\u00eda el primero de los establecimientos familiares en la ciudad. Siempre le dio pena la decisi\u00f3n de su t\u00eda Sof\u00eda de cerrar la tienda, y aunque esto ocurr\u00eda cuando \u00e9l todav\u00eda era joven, siempre qued\u00f3 en su mente la idea de que alguna vez volver\u00eda a abrir Sajonia.<\/p>\n<p>Despu\u00e9s de obtener su t\u00edtulo de dise\u00f1ador de interiores en la escuela de Arte y dise\u00f1o de Valencia y de tener una dilatada experiencia en el sector de los proyectos y la decoraci\u00f3n de otros 20 a\u00f1os, decide por fin llevar a cabo la idea que siempre rondara su cabeza.<\/p>\n<p>[\/et_pb_text][\/et_pb_column][\/et_pb_row][\/et_pb_section][et_pb_section fb_built=\u00bb1&#8243; admin_label=\u00bbOur Farmers Section\u00bb _builder_version=\u00bb4.9.0&#8243; background_color=\u00bb#eaeaea\u00bb custom_padding=\u00bb100px||100px|\u00bb][et_pb_row column_structure=\u00bb1_3,2_3&#8243; admin_label=\u00bbOur Farmers Title Area\u00bb _builder_version=\u00bb3.25&#8243; locked=\u00bboff\u00bb][et_pb_column type=\u00bb1_3&#8243; _builder_version=\u00bb3.25&#8243; custom_padding=\u00bb|||\u00bb custom_padding__hover=\u00bb|||\u00bb][et_pb_text admin_label=\u00bbTitle\u00bb _builder_version=\u00bb4.9.0&#8243; text_font=\u00bb||||||||\u00bb header_font=\u00bb||||||||\u00bb header_2_font=\u00bbbankgothic-bold||||||||\u00bb header_2_font_size=\u00bb40px\u00bb header_2_line_height=\u00bb1.5em\u00bb module_alignment=\u00bbcenter\u00bb custom_padding=\u00bb|||\u00bb animation_style=\u00bbslide\u00bb animation_direction=\u00bbleft\u00bb]<\/p>\n<h2>EL EQUIPO<\/h2>\n<p>[\/et_pb_text][et_pb_divider color=\u00bb#F2CA34&#8243; divider_weight=\u00bb3px\u00bb _builder_version=\u00bb4.9.0&#8243; _module_preset=\u00bbdefault\u00bb width=\u00bb1080px\u00bb custom_margin=\u00bb-32px||-39px||false|false\u00bb animation_style=\u00bbslide\u00bb animation_direction=\u00bbright\u00bb][\/et_pb_divider][\/et_pb_column][et_pb_column type=\u00bb2_3&#8243; _builder_version=\u00bb3.25&#8243; custom_padding=\u00bb|||\u00bb custom_padding__hover=\u00bb|||\u00bb][\/et_pb_column][\/et_pb_row][et_pb_row column_structure=\u00bb1_4,1_4,1_4,1_4&#8243; use_custom_gutter=\u00bbon\u00bb gutter_width=\u00bb1&#8243; admin_label=\u00bbOur Farmers Area\u00bb _builder_version=\u00bb4.9.0&#8243;][et_pb_column type=\u00bb1_4&#8243; _builder_version=\u00bb3.25&#8243; custom_padding=\u00bb|||\u00bb custom_padding__hover=\u00bb|||\u00bb][et_pb_blurb title=\u00bbVicente P\u00e9rez\u00bb image=\u00bbhttps:\/\/nosololuz.com\/wp-content\/uploads\/2021\/02\/Vicente_Perez_Peral.jpg\u00bb alt=\u00bbVicente Perez Peral\u00bb _builder_version=\u00bb4.9.0&#8243; header_font=\u00bb||||||||\u00bb header_font_size=\u00bb22px\u00bb header_line_height=\u00bb1.5em\u00bb body_font=\u00bb||||||||\u00bb body_line_height=\u00bb1.8em\u00bb animation_style=\u00bbfold\u00bb animation=\u00bboff\u00bb]<\/p>\n<p>Graduado en Artes Aplicadas &#8211; Dise\u00f1o de Interiores. Docente y especialista en Historia del Arte.<\/p>\n<p>[\/et_pb_blurb][\/et_pb_column][et_pb_column type=\u00bb1_4&#8243; _builder_version=\u00bb3.25&#8243; custom_padding=\u00bb|||\u00bb custom_padding__hover=\u00bb|||\u00bb][et_pb_blurb title=\u00bbJorge Barbero\u00bb image=\u00bbhttps:\/\/nosololuz.com\/wp-content\/uploads\/2021\/02\/Jorge_Barbero.jpg\u00bb alt=\u00bbJorge Barbero\u00bb _builder_version=\u00bb4.9.0&#8243; header_font=\u00bb||||||||\u00bb header_font_size=\u00bb22px\u00bb header_line_height=\u00bb1.5em\u00bb body_font=\u00bb||||||||\u00bb body_line_height=\u00bb1.8em\u00bb animation_style=\u00bbfold\u00bb animation_delay=\u00bb150ms\u00bb animation=\u00bboff\u00bb]<\/p>\n<p>T\u00e9cnico administrativo especializado en comercio. Entrenador nacional deportivo en actividades acu\u00e1ticas y socorrismo.<\/p>\n<p>[\/et_pb_blurb][\/et_pb_column][et_pb_column type=\u00bb1_4&#8243; _builder_version=\u00bb3.25&#8243; custom_padding=\u00bb|||\u00bb custom_padding__hover=\u00bb|||\u00bb][et_pb_blurb title=\u00bbCruz Vicedo\u00bb url=\u00bbhttps:\/\/cruzvicedo.com\/\u00bb url_new_window=\u00bbon\u00bb image=\u00bbhttps:\/\/nosololuz.com\/wp-content\/uploads\/2021\/02\/CRUZ-VICEDO-FUSTER.jpg\u00bb alt=\u00bbCRUZ VICEDO FUSTER\u00bb _builder_version=\u00bb4.9.0&#8243; header_font=\u00bb||||||||\u00bb header_font_size=\u00bb22px\u00bb header_line_height=\u00bb1.5em\u00bb body_font=\u00bb||||||||\u00bb body_line_height=\u00bb1.8em\u00bb animation_style=\u00bbfold\u00bb animation_delay=\u00bb450ms\u00bb animation=\u00bboff\u00bb]<\/p>\n<p>Formaci\u00f3n profesional en torno al arte. Dise\u00f1o de interiores y dise\u00f1o textil. Danza cl\u00e1sica y baile cl\u00e1sico espa\u00f1ol, licenciada en pedagog\u00eda para la danza y actualmente especializada en postura y movilidad corporal.<\/p>\n<p>[\/et_pb_blurb][\/et_pb_column][et_pb_column type=\u00bb1_4&#8243; _builder_version=\u00bb3.25&#8243; custom_padding=\u00bb|||\u00bb custom_padding__hover=\u00bb|||\u00bb][et_pb_blurb title=\u00bbMario Trujillo\u00bb url=\u00bbhttp:\/\/www.mariotrujillo.es\u00bb url_new_window=\u00bbon\u00bb image=\u00bbhttps:\/\/nosololuz.com\/wp-content\/uploads\/2021\/02\/mario_vertical.jpg\u00bb alt=\u00bbMario Trujillo Vizuete\u00bb _builder_version=\u00bb4.9.0&#8243; header_font=\u00bb||||||||\u00bb header_font_size=\u00bb22px\u00bb header_line_height=\u00bb1.5em\u00bb body_font=\u00bb||||||||\u00bb body_line_height=\u00bb1.8em\u00bb animation_style=\u00bbfold\u00bb animation_delay=\u00bb300ms\u00bb animation=\u00bboff\u00bb]<\/p>\n<p>Especialista de la comunicaci\u00f3n online se encarga de las redes sociales, el SEO local y del dise\u00f1o web.<\/p>\n<p>[\/et_pb_blurb][\/et_pb_column][\/et_pb_row][\/et_pb_section]<\/p>\n","protected":false},"excerpt":{"rendered":"<p>\u00a1DE CASTA LE VIENE AL GALGO!Efectivamente\u2026 all\u00e1 por el mes de Junio de 1945, hace mas de 70 a\u00f1os, el Sr. D. Miguel peral Segu\u00ed, t\u00edo-abuelo de Vicente Peral, abr\u00eda en Alicante Sajonia, un espacio comercial en la esquina de las calles Baz\u00e1n y San Idelfonso, donde se pod\u00eda adquirir l\u00e1mparas de diferentes estilos cl\u00e1sicos [&hellip;]<\/p>\n","protected":false},"author":1,"featured_media":0,"parent":0,"menu_order":0,"comment_status":"closed","ping_status":"closed","template":"","meta":{"_et_pb_use_builder":"on","_et_pb_old_content":"","_et_gb_content_width":"","footnotes":""},"class_list":["post-18","page","type-page","status-publish","hentry"],"_links":{"self":[{"href":"https:\/\/nosololuz.com\/index.php\/wp-json\/wp\/v2\/pages\/18","targetHints":{"allow":["GET"]}}],"collection":[{"href":"https:\/\/nosololuz.com\/index.php\/wp-json\/wp\/v2\/pages"}],"about":[{"href":"https:\/\/nosololuz.com\/index.php\/wp-json\/wp\/v2\/types\/page"}],"author":[{"embeddable":true,"href":"https:\/\/nosololuz.com\/index.php\/wp-json\/wp\/v2\/users\/1"}],"replies":[{"embeddable":true,"href":"https:\/\/nosololuz.com\/index.php\/wp-json\/wp\/v2\/comments?post=18"}],"version-history":[{"count":0,"href":"https:\/\/nosololuz.com\/index.php\/wp-json\/wp\/v2\/pages\/18\/revisions"}],"wp:attachment":[{"href":"https:\/\/nosololuz.com\/index.php\/wp-json\/wp\/v2\/media?parent=18"}],"curies":[{"name":"wp","href":"https:\/\/api.w.org\/{rel}","templated":true}]}}